{"id":83,"date":"2024-05-03T16:54:59","date_gmt":"2024-05-03T14:54:59","guid":{"rendered":"http:\/\/feworegina.webhsw.de\/?page_id=83"},"modified":"2024-12-09T16:04:09","modified_gmt":"2024-12-09T15:04:09","slug":"ausstattung","status":"publish","type":"page","link":"http:\/\/feworegina.webhsw.de\/index.php\/ausstattung\/","title":{"rendered":"Ausstattung"},"content":{"rendered":"\n<div class=\"wp-block-group alignwide is-nowrap is-layout-flex wp-container-core-group-is-layout-6c531013 wp-block-group-is-layout-flex\">\n<figure class=\"wp-block-image size-full\"><img loading=\"lazy\" decoding=\"async\" width=\"400\" height=\"320\" src=\"http:\/\/feworegina.webhsw.de\/wp-content\/uploads\/2024\/05\/grundriss.jpg\" alt=\"\" class=\"wp-image-132\" style=\"object-fit:cover\" srcset=\"http:\/\/feworegina.webhsw.de\/wp-content\/uploads\/2024\/05\/grundriss.jpg 400w, http:\/\/feworegina.webhsw.de\/wp-content\/uploads\/2024\/05\/grundriss-300x240.jpg 300w\" sizes=\"auto, (max-width: 400px) 100vw, 400px\" \/><\/figure>\n\n\n\n<ul class=\"wp-block-list\">\n<li>Voll ausgestatte 2-Raum-Ferienwohnung ca. 53 m\u00b2 <br>im Erdgescho\u00df, Nichtraucher<\/li>\n\n\n\n<li>K\u00fcche mit K\u00fchlschrank, Tiefk\u00fchlfach, Mikrowelle, <br>E-Herd mit Backr\u00f6hre, Geschirrsp\u00fcler, <br>Kaffeemaschine, das n\u00f6tige K\u00fccheninventar<\/li>\n\n\n\n<li>Wohnzimmer mit Fernseher, Essecke, Aufbettung f\u00fcr <br>2 Kinder m\u00f6glich <\/li>\n\n\n\n<li>Schlafzimmer mit Doppelbett, W\u00e4sche wird gestellt,<\/li>\n\n\n\n<li>Badezimmer mit Fenster und Badewanne<\/li>\n\n\n\n<li>Flur\/Eingangsbereich f\u00fcr Garderobe<\/li>\n\n\n\n<li>Alle Fenster mit Rollladen ausger\u00fcstet<\/li>\n\n\n\n<li>Keine Haustiere!<\/li>\n<\/ul>\n<\/div>\n","protected":false},"excerpt":{"rendered":"","protected":false},"author":1,"featured_media":111,"parent":0,"menu_order":0,"comment_status":"closed","ping_status":"closed","template":"","meta":{"footnotes":""},"class_list":["post-83","page","type-page","status-publish","has-post-thumbnail","hentry"],"_links":{"self":[{"href":"http:\/\/feworegina.webhsw.de\/index.php\/wp-json\/wp\/v2\/pages\/83","targetHints":{"allow":["GET"]}}],"collection":[{"href":"http:\/\/feworegina.webhsw.de\/index.php\/wp-json\/wp\/v2\/pages"}],"about":[{"href":"http:\/\/feworegina.webhsw.de\/index.php\/wp-json\/wp\/v2\/types\/page"}],"author":[{"embeddable":true,"href":"http:\/\/feworegina.webhsw.de\/index.php\/wp-json\/wp\/v2\/users\/1"}],"replies":[{"embeddable":true,"href":"http:\/\/feworegina.webhsw.de\/index.php\/wp-json\/wp\/v2\/comments?post=83"}],"version-history":[{"count":7,"href":"http:\/\/feworegina.webhsw.de\/index.php\/wp-json\/wp\/v2\/pages\/83\/revisions"}],"predecessor-version":[{"id":184,"href":"http:\/\/feworegina.webhsw.de\/index.php\/wp-json\/wp\/v2\/pages\/83\/revisions\/184"}],"wp:featuredmedia":[{"embeddable":true,"href":"http:\/\/feworegina.webhsw.de\/index.php\/wp-json\/wp\/v2\/media\/111"}],"wp:attachment":[{"href":"http:\/\/feworegina.webhsw.de\/index.php\/wp-json\/wp\/v2\/media?parent=83"}],"curies":[{"name":"wp","href":"https:\/\/api.w.org\/{rel}","templated":true}]}}