{"id":81,"date":"2024-05-03T16:53:42","date_gmt":"2024-05-03T14:53:42","guid":{"rendered":"http:\/\/feworegina.webhsw.de\/?page_id=81"},"modified":"2024-05-05T21:19:21","modified_gmt":"2024-05-05T19:19:21","slug":"wir-ueber-uns","status":"publish","type":"page","link":"http:\/\/feworegina.webhsw.de\/index.php\/wir-ueber-uns\/","title":{"rendered":"Wir \u00fcber uns"},"content":{"rendered":"\n<p><strong>Glauchau<\/strong> liegt an der Zwickauer Mulde, am Rande des Erzgebirgsbeckens, auf einer H\u00f6he von 266 m \u00fc. NN inmitten des mittels\u00e4chsischen Burgenlandes. Die Stadt ist in den Landkreis Zwickau eingebunden und besteht aus mehreren Stadtteilen, unsere Ferienwohnung liegt im Stadtteil &#8222;Gesau&#8220;.<\/p>\n\n\n\n<h2 class=\"wp-block-heading has-large-font-size\"><strong>Glauchau hat geschichtlich und kulturell einiges zu bieten.<\/strong><\/h2>\n\n\n\n<ul class=\"wp-block-list\">\n<li>Zum Beispiel hat Glauchau eine Doppelschloss-Anlage. Das Schloss Forderglauchau und Schloss Hinterglauchau wurde zwischen 1460 und 1470 erbaut. Architektonisch stellt es eine Einmaligkeit in Sachsen dar und beherbergt das Museum und die Kunstsammlung. Im Schloss Forderglauchau findet man die Stadt- und Kreisbibliothek &#8222;Georgius Agricola&#8220; und die Musikschule mit Konzertsaal sowie die Galerie &#8222;art gluchowe&#8220;. Die barocke Stadtkirche St. Georgen, nach einem Brand in den Jahren 1726 bis 1728 wiederaufgebaut und 2005\/2006 restauriert, besitzt eine Orgel von Gottfried Silbermann aus dem Jahre 1730.<\/li>\n\n\n\n<li>Der Glauchauer Bismarckturm, zu DDR-Zeiten Friedensturm genannt, wurde 1908\u20131910 als Wasserturm und Aussichtsturm zum Gedenken an Otto von Bismarck errichtet. Der 46 Meter hohe Turm ist der h\u00f6chste noch existierende Bismarckturm. <br>Er ist regelm\u00e4\u00dfig ge\u00f6ffnet; bei gutem Wetter reicht die Sicht bis zum Fichtelberg.<\/li>\n\n\n\n<li>Das Villenviertel im S\u00fcdwesten der Stadt ist ein einzigartiges Zeugnis der Gr\u00fcnderzeit. Heute befinden sich noch mehr als 25 Villen in diesem Viertel.<br>Das Stadttheater von Glauchau ist weit \u00fcber die Region hinaus bekannt. In dem Haus finden hochkar\u00e4tige Veranstaltungen und Gastspiele verschiedener Genres statt.<\/li>\n<\/ul>\n\n\n\n<p><\/p>\n","protected":false},"excerpt":{"rendered":"<p>Glauchau liegt an der Zwickauer Mulde, am Rande des Erzgebirgsbeckens, auf einer H\u00f6he von 266 m \u00fc. NN inmitten des mittels\u00e4chsischen Burgenlandes. Die Stadt ist in den Landkreis Zwickau eingebunden und besteht aus mehreren Stadtteilen, unsere Ferienwohnung liegt im Stadtteil &#8222;Gesau&#8220;. Glauchau hat geschichtlich und kulturell einiges zu bieten.<\/p>\n","protected":false},"author":1,"featured_media":117,"parent":0,"menu_order":0,"comment_status":"closed","ping_status":"closed","template":"","meta":{"footnotes":""},"class_list":["post-81","page","type-page","status-publish","has-post-thumbnail","hentry"],"_links":{"self":[{"href":"http:\/\/feworegina.webhsw.de\/index.php\/wp-json\/wp\/v2\/pages\/81","targetHints":{"allow":["GET"]}}],"collection":[{"href":"http:\/\/feworegina.webhsw.de\/index.php\/wp-json\/wp\/v2\/pages"}],"about":[{"href":"http:\/\/feworegina.webhsw.de\/index.php\/wp-json\/wp\/v2\/types\/page"}],"author":[{"embeddable":true,"href":"http:\/\/feworegina.webhsw.de\/index.php\/wp-json\/wp\/v2\/users\/1"}],"replies":[{"embeddable":true,"href":"http:\/\/feworegina.webhsw.de\/index.php\/wp-json\/wp\/v2\/comments?post=81"}],"version-history":[{"count":6,"href":"http:\/\/feworegina.webhsw.de\/index.php\/wp-json\/wp\/v2\/pages\/81\/revisions"}],"predecessor-version":[{"id":172,"href":"http:\/\/feworegina.webhsw.de\/index.php\/wp-json\/wp\/v2\/pages\/81\/revisions\/172"}],"wp:featuredmedia":[{"embeddable":true,"href":"http:\/\/feworegina.webhsw.de\/index.php\/wp-json\/wp\/v2\/media\/117"}],"wp:attachment":[{"href":"http:\/\/feworegina.webhsw.de\/index.php\/wp-json\/wp\/v2\/media?parent=81"}],"curies":[{"name":"wp","href":"https:\/\/api.w.org\/{rel}","templated":true}]}}