{"id":3,"date":"2024-04-19T07:53:04","date_gmt":"2024-04-19T05:53:04","guid":{"rendered":"http:\/\/feworegina.webhsw.de\/?page_id=3"},"modified":"2024-05-15T17:13:25","modified_gmt":"2024-05-15T15:13:25","slug":"impressum","status":"publish","type":"page","link":"http:\/\/feworegina.webhsw.de\/index.php\/impressum\/","title":{"rendered":"Impressum"},"content":{"rendered":"\n<p>Wir bem\u00fchen uns intensiv, auf dieser Webseite richtige und vollst\u00e4ndige Informationen zur Verf\u00fcgung zu stellen. Wir \u00fcbernehmen jedoch keine Haftung oder Garantie f\u00fcr die Aktualit\u00e4t, Richtigkeit oder Vollst\u00e4ndigkeit der auf dieser Seite bereitgestellten Informationen. Dies gilt auch f\u00fcr alle Verbindungen (Hyperlinks), auf die diese Internetseite direkt oder indirekt verweist. Wir betonen, dass wir keinen Einflu\u00df auf die Gestaltung und die Inhalte der durch Link von unserer Homepage aus erreichbaren Seiten anderer Anbieter haben und uns deren Inhalt nicht zu eigen machen. Diese Erkl\u00e4rung gilt f\u00fcr alle Seiten dieser Homepage und die dort angebrachten Links. Wir behalten uns vor, ohne vorherige Ank\u00fcndigung die auf der Webseite bereitgestellten Informationen zu \u00e4ndern, zu erg\u00e4nzen oder zu entfernen. Alle Rechte vorbehalten.<br><br>Diese Seite speichert oder verarbeitet keine personenbezogenen Informationen.<\/p>\n","protected":false},"excerpt":{"rendered":"<p>Wir bem\u00fchen uns intensiv, auf dieser Webseite richtige und vollst\u00e4ndige Informationen zur Verf\u00fcgung zu stellen. Wir \u00fcbernehmen jedoch keine Haftung oder Garantie f\u00fcr die Aktualit\u00e4t, Richtigkeit oder Vollst\u00e4ndigkeit der auf dieser Seite bereitgestellten Informationen. Dies gilt auch f\u00fcr alle Verbindungen (Hyperlinks), auf die diese Internetseite direkt oder indirekt verweist. Wir betonen, dass wir keinen Einflu\u00df [&hellip;]<\/p>\n","protected":false},"author":1,"featured_media":0,"parent":0,"menu_order":0,"comment_status":"closed","ping_status":"open","template":"","meta":{"footnotes":""},"class_list":["post-3","page","type-page","status-publish","hentry"],"_links":{"self":[{"href":"http:\/\/feworegina.webhsw.de\/index.php\/wp-json\/wp\/v2\/pages\/3","targetHints":{"allow":["GET"]}}],"collection":[{"href":"http:\/\/feworegina.webhsw.de\/index.php\/wp-json\/wp\/v2\/pages"}],"about":[{"href":"http:\/\/feworegina.webhsw.de\/index.php\/wp-json\/wp\/v2\/types\/page"}],"author":[{"embeddable":true,"href":"http:\/\/feworegina.webhsw.de\/index.php\/wp-json\/wp\/v2\/users\/1"}],"replies":[{"embeddable":true,"href":"http:\/\/feworegina.webhsw.de\/index.php\/wp-json\/wp\/v2\/comments?post=3"}],"version-history":[{"count":6,"href":"http:\/\/feworegina.webhsw.de\/index.php\/wp-json\/wp\/v2\/pages\/3\/revisions"}],"predecessor-version":[{"id":180,"href":"http:\/\/feworegina.webhsw.de\/index.php\/wp-json\/wp\/v2\/pages\/3\/revisions\/180"}],"wp:attachment":[{"href":"http:\/\/feworegina.webhsw.de\/index.php\/wp-json\/wp\/v2\/media?parent=3"}],"curies":[{"name":"wp","href":"https:\/\/api.w.org\/{rel}","templated":true}]}}