{"id":2,"date":"2024-04-19T07:53:04","date_gmt":"2024-04-19T05:53:04","guid":{"rendered":"http:\/\/feworegina.webhsw.de\/?page_id=2"},"modified":"2024-05-15T17:21:11","modified_gmt":"2024-05-15T15:21:11","slug":"buchung","status":"publish","type":"page","link":"http:\/\/feworegina.webhsw.de\/index.php\/buchung\/","title":{"rendered":"Buchung"},"content":{"rendered":"\n<p>Ihre Anfragen zu Buchungen k\u00f6nnen Sie gern \u00fcber folgende Kontakte herstellen:<br>Tel.: +49 (0) 3763 488985<br>E-Mail: <a href=\"mailto:info@fewo-regina-glauchau.com\">info@fewo-regina-glauchau.com<\/a><\/p>\n\n\n\n<p>Preis pro \u00dcbernachtung (H\u00f6chstbelegung 3 Erwachsene oder 2 Erwachsene und 2 Kinder):<\/p>\n\n\n\n<figure class=\"wp-block-table\"><table><tbody><tr><td>1 oder 2 Personen<\/td><td>52 \u20ac<\/td><\/tr><tr><td>3. Person<\/td><td>20 \u20ac<\/td><\/tr><tr><td>Kinder (3 &#8211; 14 Jahre)<br>max. 2 Kinder<\/td><td>12 \u20ac<\/td><\/tr><tr><td>Kinder unter 3 Jahren<\/td><td>frei<\/td><\/tr><tr><td>Endreinigung<br>Bei ungew\u00f6hnlich starker Verschmutzung wird ein Aufpreis von 60\u20ac erhoben.<\/td><td>40 \u20ac<\/td><\/tr><\/tbody><\/table><\/figure>\n\n\n\n<p><strong>Die Mindestbelegungsdauer betr\u00e4gt 3 \u00dcbernachtungen.<\/strong><\/p>\n","protected":false},"excerpt":{"rendered":"<p>Ihre Anfragen zu Buchungen k\u00f6nnen Sie gern \u00fcber folgende Kontakte herstellen:Tel.: +49 (0) 3763 488985E-Mail: info@fewo-regina-glauchau.com Preis pro \u00dcbernachtung (H\u00f6chstbelegung 3 Erwachsene oder 2 Erwachsene und 2 Kinder): 1 oder 2 Personen 52 \u20ac 3. Person 20 \u20ac Kinder (3 &#8211; 14 Jahre)max. 2 Kinder 12 \u20ac Kinder unter 3 Jahren frei EndreinigungBei ungew\u00f6hnlich starker [&hellip;]<\/p>\n","protected":false},"author":1,"featured_media":116,"parent":0,"menu_order":0,"comment_status":"closed","ping_status":"open","template":"","meta":{"footnotes":""},"class_list":["post-2","page","type-page","status-publish","has-post-thumbnail","hentry"],"_links":{"self":[{"href":"http:\/\/feworegina.webhsw.de\/index.php\/wp-json\/wp\/v2\/pages\/2","targetHints":{"allow":["GET"]}}],"collection":[{"href":"http:\/\/feworegina.webhsw.de\/index.php\/wp-json\/wp\/v2\/pages"}],"about":[{"href":"http:\/\/feworegina.webhsw.de\/index.php\/wp-json\/wp\/v2\/types\/page"}],"author":[{"embeddable":true,"href":"http:\/\/feworegina.webhsw.de\/index.php\/wp-json\/wp\/v2\/users\/1"}],"replies":[{"embeddable":true,"href":"http:\/\/feworegina.webhsw.de\/index.php\/wp-json\/wp\/v2\/comments?post=2"}],"version-history":[{"count":6,"href":"http:\/\/feworegina.webhsw.de\/index.php\/wp-json\/wp\/v2\/pages\/2\/revisions"}],"predecessor-version":[{"id":183,"href":"http:\/\/feworegina.webhsw.de\/index.php\/wp-json\/wp\/v2\/pages\/2\/revisions\/183"}],"wp:featuredmedia":[{"embeddable":true,"href":"http:\/\/feworegina.webhsw.de\/index.php\/wp-json\/wp\/v2\/media\/116"}],"wp:attachment":[{"href":"http:\/\/feworegina.webhsw.de\/index.php\/wp-json\/wp\/v2\/media?parent=2"}],"curies":[{"name":"wp","href":"https:\/\/api.w.org\/{rel}","templated":true}]}}